{"id":1900,"date":"2025-04-20T01:29:40","date_gmt":"2025-04-20T04:29:40","guid":{"rendered":"https:\/\/cabenscode.com\/?page_id=1900"},"modified":"2025-04-23T16:31:40","modified_gmt":"2025-04-23T19:31:40","slug":"proyectos-activos","status":"publish","type":"page","link":"https:\/\/cabenscode.com\/?page_id=1900","title":{"rendered":"Nuestros Proyectos"},"content":{"rendered":"\n<div style=\"height:73px\" aria-hidden=\"true\" class=\"wp-block-spacer\"><\/div>\n\n\n\n<div class=\"wp-block-columns is-layout-flex wp-container-core-columns-is-layout-28f84493 wp-block-columns-is-layout-flex\">\n<div class=\"wp-block-column is-layout-flow wp-block-column-is-layout-flow\">\n<p><strong>SefeNow<\/strong> es un proyecto pensado para la prevenci\u00f3n de riegos, creado para Codelco y otras mineras del rubro, siendo una aplicaci\u00f3n escalable como todos los desarrollos de nuestros equipo de trabajo<\/p>\n<\/div>\n\n\n\n<div class=\"wp-block-column is-layout-flow wp-block-column-is-layout-flow\">\n<figure class=\"wp-block-embed is-type-video is-provider-youtube wp-block-embed-youtube wp-embed-aspect-16-9 wp-has-aspect-ratio\"><div class=\"wp-block-embed__wrapper\">\n<iframe title=\"Safenow Insertcode\" width=\"500\" height=\"281\" src=\"https:\/\/www.youtube.com\/embed\/uHxGVL5Jypc?feature=oembed\" frameborder=\"0\" allow=\"accelerometer; autoplay; clipboard-write; encrypted-media; gyroscope; picture-in-picture; web-share\" referrerpolicy=\"strict-origin-when-cross-origin\" allowfullscreen><\/iframe>\n<\/div><\/figure>\n<\/div>\n\n\n\n<div class=\"wp-block-column is-layout-flow wp-block-column-is-layout-flow\">\n<figure class=\"wp-block-embed is-type-video is-provider-youtube wp-block-embed-youtube wp-embed-aspect-16-9 wp-has-aspect-ratio\"><div class=\"wp-block-embed__wrapper\">\n<iframe title=\"Ingreso de alertas\" width=\"500\" height=\"281\" src=\"https:\/\/www.youtube.com\/embed\/owgEVFaSViA?feature=oembed\" frameborder=\"0\" allow=\"accelerometer; autoplay; clipboard-write; encrypted-media; gyroscope; picture-in-picture; web-share\" referrerpolicy=\"strict-origin-when-cross-origin\" allowfullscreen><\/iframe>\n<\/div><\/figure>\n<\/div>\n<\/div>\n\n\n\n<div style=\"height:69px\" aria-hidden=\"true\" class=\"wp-block-spacer\"><\/div>\n\n\n\n<div class=\"wp-block-columns is-layout-flex wp-container-core-columns-is-layout-28f84493 wp-block-columns-is-layout-flex\">\n<div class=\"wp-block-column is-layout-flow wp-block-column-is-layout-flow\" style=\"flex-basis:33.33%\">\n<p><strong>Microsoft Power  BI<\/strong> Para Rubro  Inmobiliario, <strong>Conexi\u00f3n a m\u00faltiples fuentes de datos<\/strong>: Puedes conectar Power BI a Excel, bases de datos SQL, servicios en la nube (como Azure, Google Analytics, Salesforce) y m\u00e1s.<\/p>\n<\/div>\n\n\n\n<div class=\"wp-block-column is-layout-flow wp-block-column-is-layout-flow\" style=\"flex-basis:66.66%\">\n<figure class=\"wp-block-image size-large\"><img fetchpriority=\"high\" decoding=\"async\" width=\"1024\" height=\"483\" src=\"https:\/\/cabenscode.com\/wp-content\/uploads\/2025\/04\/power1-2-1024x483.png\" alt=\"\" class=\"wp-image-2051\" srcset=\"https:\/\/cabenscode.com\/wp-content\/uploads\/2025\/04\/power1-2-1024x483.png 1024w, https:\/\/cabenscode.com\/wp-content\/uploads\/2025\/04\/power1-2-300x142.png 300w, https:\/\/cabenscode.com\/wp-content\/uploads\/2025\/04\/power1-2-768x363.png 768w, https:\/\/cabenscode.com\/wp-content\/uploads\/2025\/04\/power1-2-1536x725.png 1536w, https:\/\/cabenscode.com\/wp-content\/uploads\/2025\/04\/power1-2.png 1919w\" sizes=\"(max-width: 1024px) 100vw, 1024px\" \/><\/figure>\n<\/div>\n<\/div>\n\n\n\n<div class=\"wp-block-columns is-layout-flex wp-container-core-columns-is-layout-28f84493 wp-block-columns-is-layout-flex\">\n<div class=\"wp-block-column is-layout-flow wp-block-column-is-layout-flow\" style=\"flex-basis:33.33%\"><\/div>\n\n\n\n<div class=\"wp-block-column is-layout-flow wp-block-column-is-layout-flow\" style=\"flex-basis:66.66%\">\n<figure class=\"wp-block-image size-large\"><img decoding=\"async\" width=\"1024\" height=\"483\" src=\"https:\/\/cabenscode.com\/wp-content\/uploads\/2025\/04\/power2-1024x483.png\" alt=\"\" class=\"wp-image-2052\" srcset=\"https:\/\/cabenscode.com\/wp-content\/uploads\/2025\/04\/power2-1024x483.png 1024w, https:\/\/cabenscode.com\/wp-content\/uploads\/2025\/04\/power2-300x142.png 300w, https:\/\/cabenscode.com\/wp-content\/uploads\/2025\/04\/power2-768x363.png 768w, https:\/\/cabenscode.com\/wp-content\/uploads\/2025\/04\/power2-1536x725.png 1536w, https:\/\/cabenscode.com\/wp-content\/uploads\/2025\/04\/power2.png 1919w\" sizes=\"(max-width: 1024px) 100vw, 1024px\" \/><\/figure>\n<\/div>\n<\/div>\n\n\n\n<div style=\"height:77px\" aria-hidden=\"true\" class=\"wp-block-spacer\"><\/div>\n\n\n\n<div class=\"wp-block-columns is-layout-flex wp-container-core-columns-is-layout-28f84493 wp-block-columns-is-layout-flex\">\n<div class=\"wp-block-column is-layout-flow wp-block-column-is-layout-flow\" style=\"flex-basis:33.33%\">\n<p><strong>Microsoft Power  BI <\/strong>Para Rubro Aridos, <strong>Visualizaciones impactantes<\/strong>: Te permite crear dashboards e informes interactivos y muy visuales de forma sencilla.<\/p>\n<\/div>\n\n\n\n<div class=\"wp-block-column is-layout-flow wp-block-column-is-layout-flow\" style=\"flex-basis:66.66%\">\n<figure class=\"wp-block-image size-large\"><img decoding=\"async\" width=\"1024\" height=\"483\" src=\"https:\/\/cabenscode.com\/wp-content\/uploads\/2025\/04\/power3-1024x483.png\" alt=\"\" class=\"wp-image-2053\" srcset=\"https:\/\/cabenscode.com\/wp-content\/uploads\/2025\/04\/power3-1024x483.png 1024w, https:\/\/cabenscode.com\/wp-content\/uploads\/2025\/04\/power3-300x141.png 300w, https:\/\/cabenscode.com\/wp-content\/uploads\/2025\/04\/power3-768x362.png 768w, https:\/\/cabenscode.com\/wp-content\/uploads\/2025\/04\/power3-1536x724.png 1536w, https:\/\/cabenscode.com\/wp-content\/uploads\/2025\/04\/power3.png 1921w\" sizes=\"(max-width: 1024px) 100vw, 1024px\" \/><\/figure>\n<\/div>\n<\/div>\n\n\n\n<div class=\"wp-block-columns is-layout-flex wp-container-core-columns-is-layout-28f84493 wp-block-columns-is-layout-flex\">\n<div class=\"wp-block-column is-layout-flow wp-block-column-is-layout-flow\" style=\"flex-basis:33.33%\"><\/div>\n\n\n\n<div class=\"wp-block-column is-layout-flow wp-block-column-is-layout-flow\" style=\"flex-basis:66.66%\">\n<figure class=\"wp-block-image size-large\"><img loading=\"lazy\" decoding=\"async\" width=\"1024\" height=\"483\" src=\"https:\/\/cabenscode.com\/wp-content\/uploads\/2025\/04\/power4-1024x483.png\" alt=\"\" class=\"wp-image-2054\" srcset=\"https:\/\/cabenscode.com\/wp-content\/uploads\/2025\/04\/power4-1024x483.png 1024w, https:\/\/cabenscode.com\/wp-content\/uploads\/2025\/04\/power4-300x141.png 300w, https:\/\/cabenscode.com\/wp-content\/uploads\/2025\/04\/power4-768x362.png 768w, https:\/\/cabenscode.com\/wp-content\/uploads\/2025\/04\/power4-1536x724.png 1536w, https:\/\/cabenscode.com\/wp-content\/uploads\/2025\/04\/power4.png 1921w\" sizes=\"(max-width: 1024px) 100vw, 1024px\" \/><\/figure>\n<\/div>\n<\/div>\n\n\n\n<div style=\"height:75px\" aria-hidden=\"true\" class=\"wp-block-spacer\"><\/div>\n\n\n\n<div class=\"wp-block-columns is-layout-flex wp-container-core-columns-is-layout-28f84493 wp-block-columns-is-layout-flex\">\n<div class=\"wp-block-column is-layout-flow wp-block-column-is-layout-flow\" style=\"flex-basis:33.33%\">\n<p><strong>Desarrollo Web a la medida<\/strong> La web se dise\u00f1a exactamente como tu negocio lo requiere, sin tener que ajustar tus procesos a una plataforma gen\u00e9rica.<\/p>\n<\/div>\n\n\n\n<div class=\"wp-block-column is-layout-flow wp-block-column-is-layout-flow\" style=\"flex-basis:66.66%\">\n<figure class=\"wp-block-image size-large\"><img loading=\"lazy\" decoding=\"async\" width=\"1024\" height=\"509\" src=\"https:\/\/cabenscode.com\/wp-content\/uploads\/2025\/04\/power5-1024x509.png\" alt=\"\" class=\"wp-image-2057\" srcset=\"https:\/\/cabenscode.com\/wp-content\/uploads\/2025\/04\/power5-1024x509.png 1024w, https:\/\/cabenscode.com\/wp-content\/uploads\/2025\/04\/power5-300x149.png 300w, https:\/\/cabenscode.com\/wp-content\/uploads\/2025\/04\/power5-768x382.png 768w, https:\/\/cabenscode.com\/wp-content\/uploads\/2025\/04\/power5-1536x764.png 1536w, https:\/\/cabenscode.com\/wp-content\/uploads\/2025\/04\/power5.png 1923w\" sizes=\"(max-width: 1024px) 100vw, 1024px\" \/><\/figure>\n<\/div>\n<\/div>\n\n\n\n<div class=\"wp-block-columns is-layout-flex wp-container-core-columns-is-layout-28f84493 wp-block-columns-is-layout-flex\">\n<div class=\"wp-block-column is-layout-flow wp-block-column-is-layout-flow\" style=\"flex-basis:33.33%\"><\/div>\n\n\n\n<div class=\"wp-block-column is-layout-flow wp-block-column-is-layout-flow\" style=\"flex-basis:66.66%\">\n<figure class=\"wp-block-image size-large\"><img loading=\"lazy\" decoding=\"async\" width=\"1024\" height=\"509\" src=\"https:\/\/cabenscode.com\/wp-content\/uploads\/2025\/04\/power6-1024x509.png\" alt=\"\" class=\"wp-image-2058\" srcset=\"https:\/\/cabenscode.com\/wp-content\/uploads\/2025\/04\/power6-1024x509.png 1024w, https:\/\/cabenscode.com\/wp-content\/uploads\/2025\/04\/power6-300x149.png 300w, https:\/\/cabenscode.com\/wp-content\/uploads\/2025\/04\/power6-768x382.png 768w, https:\/\/cabenscode.com\/wp-content\/uploads\/2025\/04\/power6-1536x764.png 1536w, https:\/\/cabenscode.com\/wp-content\/uploads\/2025\/04\/power6.png 1923w\" sizes=\"(max-width: 1024px) 100vw, 1024px\" \/><\/figure>\n<\/div>\n<\/div>\n\n\n\n<div style=\"height:76px\" aria-hidden=\"true\" class=\"wp-block-spacer\"><\/div>\n\n\n\n<div class=\"wp-block-columns is-layout-flex wp-container-core-columns-is-layout-28f84493 wp-block-columns-is-layout-flex\">\n<div class=\"wp-block-column is-layout-flow wp-block-column-is-layout-flow\" style=\"flex-basis:33.33%\">\n<p><strong>P\u00e1gina  Web Mejor experiencia de usuario (UX)<\/strong> El dise\u00f1o y la navegaci\u00f3n se crean pensando espec\u00edficamente en tu p\u00fablico objetivo, lo que puede mejorar la conversi\u00f3n y la retenci\u00f3n de clientes.<\/p>\n<\/div>\n\n\n\n<div class=\"wp-block-column is-layout-flow wp-block-column-is-layout-flow\" style=\"flex-basis:66.66%\">\n<figure class=\"wp-block-image size-large\"><img loading=\"lazy\" decoding=\"async\" width=\"1024\" height=\"509\" src=\"https:\/\/cabenscode.com\/wp-content\/uploads\/2025\/04\/sdsdddasdasdasda-1024x509.png\" alt=\"\" class=\"wp-image-2077\" srcset=\"https:\/\/cabenscode.com\/wp-content\/uploads\/2025\/04\/sdsdddasdasdasda-1024x509.png 1024w, https:\/\/cabenscode.com\/wp-content\/uploads\/2025\/04\/sdsdddasdasdasda-300x149.png 300w, https:\/\/cabenscode.com\/wp-content\/uploads\/2025\/04\/sdsdddasdasdasda-768x381.png 768w, https:\/\/cabenscode.com\/wp-content\/uploads\/2025\/04\/sdsdddasdasdasda-1536x763.png 1536w, https:\/\/cabenscode.com\/wp-content\/uploads\/2025\/04\/sdsdddasdasdasda.png 1919w\" sizes=\"(max-width: 1024px) 100vw, 1024px\" \/><\/figure>\n<\/div>\n<\/div>\n\n\n\n<div class=\"wp-block-columns is-layout-flex wp-container-core-columns-is-layout-28f84493 wp-block-columns-is-layout-flex\">\n<div class=\"wp-block-column is-layout-flow wp-block-column-is-layout-flow\" style=\"flex-basis:33.33%\"><\/div>\n\n\n\n<div class=\"wp-block-column is-layout-flow wp-block-column-is-layout-flow\" style=\"flex-basis:66.66%\">\n<figure class=\"wp-block-image size-large\"><img loading=\"lazy\" decoding=\"async\" width=\"1024\" height=\"495\" src=\"https:\/\/cabenscode.com\/wp-content\/uploads\/2025\/04\/wwere-1024x495.png\" alt=\"\" class=\"wp-image-2072\" srcset=\"https:\/\/cabenscode.com\/wp-content\/uploads\/2025\/04\/wwere-1024x495.png 1024w, https:\/\/cabenscode.com\/wp-content\/uploads\/2025\/04\/wwere-300x145.png 300w, https:\/\/cabenscode.com\/wp-content\/uploads\/2025\/04\/wwere-768x371.png 768w, https:\/\/cabenscode.com\/wp-content\/uploads\/2025\/04\/wwere-1536x743.png 1536w, https:\/\/cabenscode.com\/wp-content\/uploads\/2025\/04\/wwere.png 1905w\" sizes=\"(max-width: 1024px) 100vw, 1024px\" \/><\/figure>\n<\/div>\n<\/div>\n\n\n\n<div class=\"wp-block-columns is-layout-flex wp-container-core-columns-is-layout-28f84493 wp-block-columns-is-layout-flex\">\n<div class=\"wp-block-column is-layout-flow wp-block-column-is-layout-flow\" style=\"flex-basis:33.33%\"><\/div>\n\n\n\n<div class=\"wp-block-column is-layout-flow wp-block-column-is-layout-flow\" style=\"flex-basis:66.66%\">\n<figure class=\"wp-block-image size-large\"><img loading=\"lazy\" decoding=\"async\" width=\"1024\" height=\"507\" src=\"https:\/\/cabenscode.com\/wp-content\/uploads\/2025\/04\/sdsddd-1024x507.png\" alt=\"\" class=\"wp-image-2075\" srcset=\"https:\/\/cabenscode.com\/wp-content\/uploads\/2025\/04\/sdsddd-1024x507.png 1024w, https:\/\/cabenscode.com\/wp-content\/uploads\/2025\/04\/sdsddd-300x149.png 300w, https:\/\/cabenscode.com\/wp-content\/uploads\/2025\/04\/sdsddd-768x380.png 768w, https:\/\/cabenscode.com\/wp-content\/uploads\/2025\/04\/sdsddd-1536x760.png 1536w, https:\/\/cabenscode.com\/wp-content\/uploads\/2025\/04\/sdsddd.png 1919w\" sizes=\"(max-width: 1024px) 100vw, 1024px\" \/><\/figure>\n<\/div>\n<\/div>\n","protected":false},"excerpt":{"rendered":"<p>SefeNow es un proyecto pensado para la prevenci\u00f3n de riegos, creado para Codelco y otras mineras del rubro, siendo una aplicaci\u00f3n escalable como todos los desarrollos de nuestros equipo de trabajo Microsoft Power BI Para Rubro Inmobiliario, Conexi\u00f3n a m\u00faltiples fuentes de datos: Puedes conectar Power BI a Excel, bases de datos SQL, servicios en [&hellip;]<\/p>\n","protected":false},"author":1,"featured_media":0,"parent":0,"menu_order":0,"comment_status":"closed","ping_status":"closed","template":"","meta":{"om_disable_all_campaigns":false,"footnotes":""},"class_list":["post-1900","page","type-page","status-publish","hentry"],"_links":{"self":[{"href":"https:\/\/cabenscode.com\/index.php?rest_route=\/wp\/v2\/pages\/1900","targetHints":{"allow":["GET"]}}],"collection":[{"href":"https:\/\/cabenscode.com\/index.php?rest_route=\/wp\/v2\/pages"}],"about":[{"href":"https:\/\/cabenscode.com\/index.php?rest_route=\/wp\/v2\/types\/page"}],"author":[{"embeddable":true,"href":"https:\/\/cabenscode.com\/index.php?rest_route=\/wp\/v2\/users\/1"}],"replies":[{"embeddable":true,"href":"https:\/\/cabenscode.com\/index.php?rest_route=%2Fwp%2Fv2%2Fcomments&post=1900"}],"version-history":[{"count":22,"href":"https:\/\/cabenscode.com\/index.php?rest_route=\/wp\/v2\/pages\/1900\/revisions"}],"predecessor-version":[{"id":2078,"href":"https:\/\/cabenscode.com\/index.php?rest_route=\/wp\/v2\/pages\/1900\/revisions\/2078"}],"wp:attachment":[{"href":"https:\/\/cabenscode.com\/index.php?rest_route=%2Fwp%2Fv2%2Fmedia&parent=1900"}],"curies":[{"name":"wp","href":"https:\/\/api.w.org\/{rel}","templated":true}]}}